{"id":941,"date":"2024-10-17T15:49:26","date_gmt":"2024-10-17T15:49:26","guid":{"rendered":"https:\/\/openshops.rkinformatika.online\/?page_id=941"},"modified":"2025-03-24T14:45:32","modified_gmt":"2025-03-24T14:45:32","slug":"inicio","status":"publish","type":"page","link":"https:\/\/anamungiapeluqueria.com\/eu\/","title":{"rendered":"HASIERA"},"content":{"rendered":"<div data-elementor-type=\"wp-page\" data-elementor-id=\"941\" class=\"elementor elementor-941\" data-elementor-post-type=\"page\">\n\t\t\t\t\t\t<section class=\"elementor-section elementor-top-section elementor-element elementor-element-2ceda46f elementor-section-height-min-height elementor-section-boxed elementor-section-height-default elementor-section-items-middle\" data-id=\"2ceda46f\" data-element_type=\"section\" data-e-type=\"section\" data-settings=\"{&quot;background_background&quot;:&quot;classic&quot;}\">\n\t\t\t\t\t\t\t<div class=\"elementor-background-overlay\"><\/div>\n\t\t\t\t\t\t\t<div class=\"elementor-container elementor-column-gap-no\">\n\t\t\t\t\t<div class=\"elementor-column elementor-col-100 elementor-top-column elementor-element elementor-element-21c58e5c\" data-id=\"21c58e5c\" data-element_type=\"column\" data-e-type=\"column\">\n\t\t\t<div class=\"elementor-widget-wrap elementor-element-populated\">\n\t\t\t\t\t\t<div class=\"elementor-element elementor-element-42f39f1c elementor-invisible elementor-widget elementor-widget-heading\" data-id=\"42f39f1c\" data-element_type=\"widget\" data-e-type=\"widget\" data-settings=\"{&quot;_animation&quot;:&quot;zoomIn&quot;}\" data-widget_type=\"heading.default\">\n\t\t\t\t<div class=\"elementor-widget-container\">\n\t\t\t\t\t<h2 class=\"elementor-heading-title elementor-size-default\">Ongi etorri<br><br>Ana Mungia Peluquer\u00eda<\/h2>\t\t\t\t<\/div>\n\t\t\t\t<\/div>\n\t\t\t\t<section class=\"elementor-section elementor-inner-section elementor-element elementor-element-5200ffaf elementor-section-boxed elementor-section-height-default elementor-section-height-default\" data-id=\"5200ffaf\" data-element_type=\"section\" data-e-type=\"section\">\n\t\t\t\t\t\t<div class=\"elementor-container elementor-column-gap-no\">\n\t\t\t\t\t<div class=\"elementor-column elementor-col-100 elementor-inner-column elementor-element elementor-element-c65b071\" data-id=\"c65b071\" data-element_type=\"column\" data-e-type=\"column\">\n\t\t\t<div class=\"elementor-widget-wrap\">\n\t\t\t\t\t\t\t<\/div>\n\t\t<\/div>\n\t\t\t\t\t<\/div>\n\t\t<\/section>\n\t\t\t\t\t<\/div>\n\t\t<\/div>\n\t\t\t\t\t<\/div>\n\t\t<\/section>\n\t\t\t\t<section class=\"elementor-section elementor-top-section elementor-element elementor-element-4c97510d elementor-section-content-middle elementor-section-boxed elementor-section-height-default elementor-section-height-default\" data-id=\"4c97510d\" data-element_type=\"section\" data-e-type=\"section\" data-settings=\"{&quot;background_background&quot;:&quot;classic&quot;}\">\n\t\t\t\t\t\t<div class=\"elementor-container elementor-column-gap-no\">\n\t\t\t\t\t<div class=\"elementor-column elementor-col-33 elementor-top-column elementor-element elementor-element-305884ae elementor-hidden-tablet elementor-hidden-mobile elementor-invisible\" data-id=\"305884ae\" data-element_type=\"column\" data-e-type=\"column\" data-settings=\"{&quot;animation&quot;:&quot;fadeInUp&quot;}\">\n\t\t\t<div class=\"elementor-widget-wrap elementor-element-populated\">\n\t\t\t\t\t\t<div class=\"elementor-element elementor-element-18388f64 elementor-widget elementor-widget-image\" data-id=\"18388f64\" data-element_type=\"widget\" data-e-type=\"widget\" data-widget_type=\"image.default\">\n\t\t\t\t<div class=\"elementor-widget-container\">\n\t\t\t\t\t\t\t\t\t\t\t\t\t\t\t<img decoding=\"async\" src=\"https:\/\/anamungiapeluqueria.com\/wp-content\/uploads\/elementor\/thumbs\/Captura-desde-2024-12-24-12-07-56-qyz6leoxe44b5k5pn4otct8n2l0mo3x7c61kalgahm.png\" title=\"Captura desde 2024-12-24 12-07-56\" alt=\"Captura desde 2024-12-24 12-07-56\" loading=\"lazy\" \/>\t\t\t\t\t\t\t\t\t\t\t\t\t\t\t<\/div>\n\t\t\t\t<\/div>\n\t\t\t\t\t<\/div>\n\t\t<\/div>\n\t\t\t\t<div class=\"elementor-column elementor-col-33 elementor-top-column elementor-element elementor-element-429b18ab elementor-invisible\" data-id=\"429b18ab\" data-element_type=\"column\" data-e-type=\"column\" data-settings=\"{&quot;animation&quot;:&quot;fadeInLeft&quot;,&quot;animation_delay&quot;:300}\">\n\t\t\t<div class=\"elementor-widget-wrap elementor-element-populated\">\n\t\t\t\t\t\t<div class=\"elementor-element elementor-element-15c43cc1 elementor-widget elementor-widget-image\" data-id=\"15c43cc1\" data-element_type=\"widget\" data-e-type=\"widget\" data-widget_type=\"image.default\">\n\t\t\t\t<div class=\"elementor-widget-container\">\n\t\t\t\t\t\t\t\t\t\t\t\t\t\t\t<img decoding=\"async\" src=\"https:\/\/anamungiapeluqueria.com\/wp-content\/uploads\/elementor\/thumbs\/20241220_135128-Ana-Isabel-Munguia-scaled-qyz6fgdtrgb5sbib5ijmzbiwtdq36uw8272v3f6f74.jpg\" title=\"20241220_135128 &#8211; Ana Isabel Munguia\" alt=\"20241220_135128 - Ana Isabel Munguia\" loading=\"lazy\" \/>\t\t\t\t\t\t\t\t\t\t\t\t\t\t\t<\/div>\n\t\t\t\t<\/div>\n\t\t\t\t\t<\/div>\n\t\t<\/div>\n\t\t\t\t<div class=\"elementor-column elementor-col-33 elementor-top-column elementor-element elementor-element-37bb1425\" data-id=\"37bb1425\" data-element_type=\"column\" data-e-type=\"column\">\n\t\t\t<div class=\"elementor-widget-wrap elementor-element-populated\">\n\t\t\t\t\t\t<section class=\"elementor-section elementor-inner-section elementor-element elementor-element-6b04b859 elementor-section-boxed elementor-section-height-default elementor-section-height-default\" data-id=\"6b04b859\" data-element_type=\"section\" data-e-type=\"section\" data-settings=\"{&quot;background_background&quot;:&quot;classic&quot;}\">\n\t\t\t\t\t\t\t<div class=\"elementor-background-overlay\"><\/div>\n\t\t\t\t\t\t\t<div class=\"elementor-container elementor-column-gap-no\">\n\t\t\t\t\t<div class=\"elementor-column elementor-col-100 elementor-inner-column elementor-element elementor-element-505014f4 elementor-invisible\" data-id=\"505014f4\" data-element_type=\"column\" data-e-type=\"column\" data-settings=\"{&quot;background_background&quot;:&quot;classic&quot;,&quot;animation&quot;:&quot;fadeInRight&quot;}\">\n\t\t\t<div class=\"elementor-widget-wrap elementor-element-populated\">\n\t\t\t\t\t\t<div class=\"elementor-element elementor-element-54dad1e0 elementor-widget-divider--view-line_text elementor-widget-divider--element-align-center elementor-widget elementor-widget-divider\" data-id=\"54dad1e0\" data-element_type=\"widget\" data-e-type=\"widget\" data-widget_type=\"divider.default\">\n\t\t\t\t<div class=\"elementor-widget-container\">\n\t\t\t\t\t\t\t<div class=\"elementor-divider\">\n\t\t\t<span class=\"elementor-divider-separator\">\n\t\t\t\t\t\t\t<span class=\"elementor-divider__text elementor-divider__element\">\n\t\t\t\tAna Mungia\t\t\t\t<\/span>\n\t\t\t\t\t\t<\/span>\n\t\t<\/div>\n\t\t\t\t\t\t<\/div>\n\t\t\t\t<\/div>\n\t\t\t\t<div class=\"elementor-element elementor-element-5a255791 elementor-widget elementor-widget-heading\" data-id=\"5a255791\" data-element_type=\"widget\" data-e-type=\"widget\" data-widget_type=\"heading.default\">\n\t\t\t\t<div class=\"elementor-widget-container\">\n\t\t\t\t\t<h2 class=\"elementor-heading-title elementor-size-default\">Ezagutu gaitzazu<\/h2>\t\t\t\t<\/div>\n\t\t\t\t<\/div>\n\t\t\t\t<div class=\"elementor-element elementor-element-40bf7b26 elementor-widget elementor-widget-text-editor\" data-id=\"40bf7b26\" data-element_type=\"widget\" data-e-type=\"widget\" data-widget_type=\"text-editor.default\">\n\t\t\t\t<div class=\"elementor-widget-container\">\n\t\t\t\t\t\t\t\t\t<div class=\"flex-shrink-0 flex flex-col relative items-end\"><div class=\"pt-0\"><div class=\"gizmo-bot-avatar flex h-8 w-8 items-center justify-center overflow-hidden rounded-full\"><p>Cuidando tu estilo desde hace 7 a\u00f1os, Peluquer\u00eda Ana Mungia naci\u00f3 en la avenida Askatasun pero desde hace 3 a\u00f1os te atendemos en la calle Saibigain, ha sido un cambio para crear un espacio acogedor pensado para quienes valoran el cuidado personal y la cercan\u00eda. Aqu\u00ed no importa tu edad ni tu estilo, siempre estaremos dispuestas a realzar lo mejor de t\u00ed. Gracias por dejarnos ser parte de tu vida y permitirnos crecer junto a t\u00ed.<\/p><p>Desde Cortes cl\u00e1sicos hasta los estilos m\u00e1s modernos, tratamientos capilares, coloraci\u00f3n, peinados y servicios de est\u00e9tica como maquillaje, manicura y m\u00e1s.<\/p><\/div><\/div><\/div>\t\t\t\t\t\t\t\t<\/div>\n\t\t\t\t<\/div>\n\t\t\t\t<div class=\"elementor-element elementor-element-4952c455 elementor-align-center elementor-widget elementor-widget-button\" data-id=\"4952c455\" data-element_type=\"widget\" data-e-type=\"widget\" data-widget_type=\"button.default\">\n\t\t\t\t<div class=\"elementor-widget-container\">\n\t\t\t\t\t\t\t\t\t<div class=\"elementor-button-wrapper\">\n\t\t\t\t\t<a class=\"elementor-button elementor-button-link elementor-size-sm elementor-animation-float\" href=\"https:\/\/anamungiapeluqueria.com\/eu\/servicios\/\">\n\t\t\t\t\t\t<span class=\"elementor-button-content-wrapper\">\n\t\t\t\t\t\t\t\t\t<span class=\"elementor-button-text\">GEHIAGO JAKIN<\/span>\n\t\t\t\t\t<\/span>\n\t\t\t\t\t<\/a>\n\t\t\t\t<\/div>\n\t\t\t\t\t\t\t\t<\/div>\n\t\t\t\t<\/div>\n\t\t\t\t\t<\/div>\n\t\t<\/div>\n\t\t\t\t\t<\/div>\n\t\t<\/section>\n\t\t\t\t\t<\/div>\n\t\t<\/div>\n\t\t\t\t\t<\/div>\n\t\t<\/section>\n\t\t\t\t<section class=\"elementor-section elementor-top-section elementor-element elementor-element-2ee96431 elementor-section-boxed elementor-section-height-default elementor-section-height-default\" data-id=\"2ee96431\" data-element_type=\"section\" data-e-type=\"section\" data-settings=\"{&quot;background_background&quot;:&quot;classic&quot;}\">\n\t\t\t\t\t\t\t<div class=\"elementor-background-overlay\"><\/div>\n\t\t\t\t\t\t\t<div class=\"elementor-container elementor-column-gap-no\">\n\t\t\t\t\t<div class=\"elementor-column elementor-col-100 elementor-top-column elementor-element elementor-element-5f1a4080\" data-id=\"5f1a4080\" data-element_type=\"column\" data-e-type=\"column\" data-settings=\"{&quot;background_background&quot;:&quot;classic&quot;}\">\n\t\t\t<div class=\"elementor-widget-wrap elementor-element-populated\">\n\t\t\t\t\t\t<div class=\"elementor-element elementor-element-4c04fdc6 elementor-invisible elementor-widget elementor-widget-heading\" data-id=\"4c04fdc6\" data-element_type=\"widget\" data-e-type=\"widget\" data-settings=\"{&quot;_animation&quot;:&quot;zoomIn&quot;}\" data-widget_type=\"heading.default\">\n\t\t\t\t<div class=\"elementor-widget-container\">\n\t\t\t\t\t<h2 class=\"elementor-heading-title elementor-size-default\">\u00a1D\u00e9janos cuidar de tu estilo como t\u00fa mereces!<\/h2>\t\t\t\t<\/div>\n\t\t\t\t<\/div>\n\t\t\t\t<div class=\"elementor-element elementor-element-e3b91d5 elementor-invisible elementor-widget elementor-widget-heading\" data-id=\"e3b91d5\" data-element_type=\"widget\" data-e-type=\"widget\" data-settings=\"{&quot;_animation&quot;:&quot;zoomIn&quot;}\" data-widget_type=\"heading.default\">\n\t\t\t\t<div class=\"elementor-widget-container\">\n\t\t\t\t\t<h2 class=\"elementor-heading-title elementor-size-default\">Hemen, zure estiloa eta ongizatea gure lehentasuna direlako.<\/h2>\t\t\t\t<\/div>\n\t\t\t\t<\/div>\n\t\t\t\t<div class=\"elementor-element elementor-element-a6cd98e elementor-align-center elementor-invisible elementor-widget elementor-widget-button\" data-id=\"a6cd98e\" data-element_type=\"widget\" data-e-type=\"widget\" data-settings=\"{&quot;_animation&quot;:&quot;zoomIn&quot;}\" data-widget_type=\"button.default\">\n\t\t\t\t<div class=\"elementor-widget-container\">\n\t\t\t\t\t\t\t\t\t<div class=\"elementor-button-wrapper\">\n\t\t\t\t\t<a class=\"elementor-button elementor-button-link elementor-size-sm elementor-animation-hang\" href=\"https:\/\/anamungiapeluqueria.com\/eu\/contacto\/\">\n\t\t\t\t\t\t<span class=\"elementor-button-content-wrapper\">\n\t\t\t\t\t\t\t\t\t<span class=\"elementor-button-text\">JARRI GUREKIN HARREMANETAN<\/span>\n\t\t\t\t\t<\/span>\n\t\t\t\t\t<\/a>\n\t\t\t\t<\/div>\n\t\t\t\t\t\t\t\t<\/div>\n\t\t\t\t<\/div>\n\t\t\t\t\t<\/div>\n\t\t<\/div>\n\t\t\t\t\t<\/div>\n\t\t<\/section>\n\t\t\t\t<\/div>","protected":false},"excerpt":{"rendered":"<p>Bienvenidos a Ana Mungia Peluquer\u00eda Ana Mungia Con\u00f3cenos Cuidando tu estilo desde hace 7 a\u00f1os, Peluquer\u00eda Ana Mungia naci\u00f3 en la avenida Askatasun pero desde hace 3 a\u00f1os te atendemos en la calle Saibigain, ha sido un cambio para crear un espacio acogedor pensado para quienes valoran el cuidado personal y la cercan\u00eda. Aqu\u00ed no [&hellip;]<\/p>\n","protected":false},"author":4,"featured_media":0,"parent":0,"menu_order":0,"comment_status":"closed","ping_status":"closed","template":"elementor_canvas","meta":{"footnotes":""},"class_list":["post-941","page","type-page","status-publish","hentry"],"yoast_head":"<!-- This site is optimized with the Yoast SEO plugin v27.3 - https:\/\/yoast.com\/product\/yoast-seo-wordpress\/ -->\n<title>Inicio - Ana Mungia Peluquer\u00eda<\/title>\n<meta name=\"robots\" content=\"index, follow, max-snippet:-1, max-image-preview:large, max-video-preview:-1\" \/>\n<link rel=\"canonical\" href=\"https:\/\/anamungiapeluqueria.com\/eu\/\" \/>\n<meta property=\"og:locale\" content=\"en_US\" \/>\n<meta property=\"og:type\" content=\"article\" \/>\n<meta property=\"og:title\" content=\"Inicio - Ana Mungia Peluquer\u00eda\" \/>\n<meta property=\"og:description\" content=\"Bienvenidos a Ana Mungia Peluquer\u00eda Ana Mungia Con\u00f3cenos Cuidando tu estilo desde hace 7 a\u00f1os, Peluquer\u00eda Ana Mungia naci\u00f3 en la avenida Askatasun pero desde hace 3 a\u00f1os te atendemos en la calle Saibigain, ha sido un cambio para crear un espacio acogedor pensado para quienes valoran el cuidado personal y la cercan\u00eda. Aqu\u00ed no [&hellip;]\" \/>\n<meta property=\"og:url\" content=\"https:\/\/anamungiapeluqueria.com\/eu\/\" \/>\n<meta property=\"og:site_name\" content=\"Ana Mungia Peluquer\u00eda\" \/>\n<meta property=\"article:modified_time\" content=\"2025-03-24T14:45:32+00:00\" \/>\n<meta property=\"og:image\" content=\"https:\/\/anamungiapeluqueria.com\/wp-content\/uploads\/elementor\/thumbs\/Captura-desde-2024-12-24-12-07-56-qyz6leoxe44b5k5pn4otct8n2l0mo3x7c61kalgahm.png\" \/>\n<meta name=\"twitter:card\" content=\"summary_large_image\" \/>\n<meta name=\"twitter:label1\" content=\"Est. reading time\" \/>\n\t<meta name=\"twitter:data1\" content=\"1 minutua\" \/>\n<script type=\"application\/ld+json\" class=\"yoast-schema-graph\">{\"@context\":\"https:\\\/\\\/schema.org\",\"@graph\":[{\"@type\":\"WebPage\",\"@id\":\"https:\\\/\\\/anamungiapeluqueria.com\\\/\",\"url\":\"https:\\\/\\\/anamungiapeluqueria.com\\\/\",\"name\":\"Inicio - Ana Mungia Peluquer\u00eda\",\"isPartOf\":{\"@id\":\"https:\\\/\\\/anamungiapeluqueria.com\\\/#website\"},\"primaryImageOfPage\":{\"@id\":\"https:\\\/\\\/anamungiapeluqueria.com\\\/#primaryimage\"},\"image\":{\"@id\":\"https:\\\/\\\/anamungiapeluqueria.com\\\/#primaryimage\"},\"thumbnailUrl\":\"https:\\\/\\\/anamungiapeluqueria.com\\\/wp-content\\\/uploads\\\/elementor\\\/thumbs\\\/Captura-desde-2024-12-24-12-07-56-qyz6leoxe44b5k5pn4otct8n2l0mo3x7c61kalgahm.png\",\"datePublished\":\"2024-10-17T15:49:26+00:00\",\"dateModified\":\"2025-03-24T14:45:32+00:00\",\"breadcrumb\":{\"@id\":\"https:\\\/\\\/anamungiapeluqueria.com\\\/#breadcrumb\"},\"inLanguage\":\"eu\",\"potentialAction\":[{\"@type\":\"ReadAction\",\"target\":[\"https:\\\/\\\/anamungiapeluqueria.com\\\/\"]}]},{\"@type\":\"ImageObject\",\"inLanguage\":\"eu\",\"@id\":\"https:\\\/\\\/anamungiapeluqueria.com\\\/#primaryimage\",\"url\":\"https:\\\/\\\/anamungiapeluqueria.com\\\/wp-content\\\/uploads\\\/elementor\\\/thumbs\\\/Captura-desde-2024-12-24-12-07-56-qyz6leoxe44b5k5pn4otct8n2l0mo3x7c61kalgahm.png\",\"contentUrl\":\"https:\\\/\\\/anamungiapeluqueria.com\\\/wp-content\\\/uploads\\\/elementor\\\/thumbs\\\/Captura-desde-2024-12-24-12-07-56-qyz6leoxe44b5k5pn4otct8n2l0mo3x7c61kalgahm.png\"},{\"@type\":\"BreadcrumbList\",\"@id\":\"https:\\\/\\\/anamungiapeluqueria.com\\\/#breadcrumb\",\"itemListElement\":[{\"@type\":\"ListItem\",\"position\":1,\"name\":\"Portada\",\"item\":\"https:\\\/\\\/anamungiapeluqueria.com\\\/\"},{\"@type\":\"ListItem\",\"position\":2,\"name\":\"Inicio\"}]},{\"@type\":\"WebSite\",\"@id\":\"https:\\\/\\\/anamungiapeluqueria.com\\\/#website\",\"url\":\"https:\\\/\\\/anamungiapeluqueria.com\\\/\",\"name\":\"Ana Mungia Peluquer\u00eda\",\"description\":\"Servicios de peluquer\u00eda y est\u00e9tica para se\u00f1oras y caballeros de todas las edades\",\"publisher\":{\"@id\":\"https:\\\/\\\/anamungiapeluqueria.com\\\/#organization\"},\"potentialAction\":[{\"@type\":\"SearchAction\",\"target\":{\"@type\":\"EntryPoint\",\"urlTemplate\":\"https:\\\/\\\/anamungiapeluqueria.com\\\/?s={search_term_string}\"},\"query-input\":{\"@type\":\"PropertyValueSpecification\",\"valueRequired\":true,\"valueName\":\"search_term_string\"}}],\"inLanguage\":\"eu\"},{\"@type\":\"Organization\",\"@id\":\"https:\\\/\\\/anamungiapeluqueria.com\\\/#organization\",\"name\":\"Ana Mungia Peluquer\u00eda\",\"url\":\"https:\\\/\\\/anamungiapeluqueria.com\\\/\",\"logo\":{\"@type\":\"ImageObject\",\"inLanguage\":\"eu\",\"@id\":\"https:\\\/\\\/anamungiapeluqueria.com\\\/#\\\/schema\\\/logo\\\/image\\\/\",\"url\":\"https:\\\/\\\/anamungiapeluqueria.com\\\/wp-content\\\/uploads\\\/2024\\\/12\\\/cropped-Design-sem-nome-1.png\",\"contentUrl\":\"https:\\\/\\\/anamungiapeluqueria.com\\\/wp-content\\\/uploads\\\/2024\\\/12\\\/cropped-Design-sem-nome-1.png\",\"width\":500,\"height\":246,\"caption\":\"Ana Mungia Peluquer\u00eda\"},\"image\":{\"@id\":\"https:\\\/\\\/anamungiapeluqueria.com\\\/#\\\/schema\\\/logo\\\/image\\\/\"}}]}<\/script>\n<!-- \/ Yoast SEO plugin. -->","yoast_head_json":{"title":"Inicio - Ana Mungia Peluquer\u00eda","robots":{"index":"index","follow":"follow","max-snippet":"max-snippet:-1","max-image-preview":"max-image-preview:large","max-video-preview":"max-video-preview:-1"},"canonical":"https:\/\/anamungiapeluqueria.com\/eu\/","og_locale":"en_US","og_type":"article","og_title":"Inicio - Ana Mungia Peluquer\u00eda","og_description":"Bienvenidos a Ana Mungia Peluquer\u00eda Ana Mungia Con\u00f3cenos Cuidando tu estilo desde hace 7 a\u00f1os, Peluquer\u00eda Ana Mungia naci\u00f3 en la avenida Askatasun pero desde hace 3 a\u00f1os te atendemos en la calle Saibigain, ha sido un cambio para crear un espacio acogedor pensado para quienes valoran el cuidado personal y la cercan\u00eda. Aqu\u00ed no [&hellip;]","og_url":"https:\/\/anamungiapeluqueria.com\/eu\/","og_site_name":"Ana Mungia Peluquer\u00eda","article_modified_time":"2025-03-24T14:45:32+00:00","og_image":[{"url":"https:\/\/anamungiapeluqueria.com\/wp-content\/uploads\/elementor\/thumbs\/Captura-desde-2024-12-24-12-07-56-qyz6leoxe44b5k5pn4otct8n2l0mo3x7c61kalgahm.png","type":"","width":"","height":""}],"twitter_card":"summary_large_image","twitter_misc":{"Est. reading time":"1 minutua"},"schema":{"@context":"https:\/\/schema.org","@graph":[{"@type":"WebPage","@id":"https:\/\/anamungiapeluqueria.com\/","url":"https:\/\/anamungiapeluqueria.com\/","name":"Inicio - Ana Mungia Peluquer\u00eda","isPartOf":{"@id":"https:\/\/anamungiapeluqueria.com\/#website"},"primaryImageOfPage":{"@id":"https:\/\/anamungiapeluqueria.com\/#primaryimage"},"image":{"@id":"https:\/\/anamungiapeluqueria.com\/#primaryimage"},"thumbnailUrl":"https:\/\/anamungiapeluqueria.com\/wp-content\/uploads\/elementor\/thumbs\/Captura-desde-2024-12-24-12-07-56-qyz6leoxe44b5k5pn4otct8n2l0mo3x7c61kalgahm.png","datePublished":"2024-10-17T15:49:26+00:00","dateModified":"2025-03-24T14:45:32+00:00","breadcrumb":{"@id":"https:\/\/anamungiapeluqueria.com\/#breadcrumb"},"inLanguage":"eu","potentialAction":[{"@type":"ReadAction","target":["https:\/\/anamungiapeluqueria.com\/"]}]},{"@type":"ImageObject","inLanguage":"eu","@id":"https:\/\/anamungiapeluqueria.com\/#primaryimage","url":"https:\/\/anamungiapeluqueria.com\/wp-content\/uploads\/elementor\/thumbs\/Captura-desde-2024-12-24-12-07-56-qyz6leoxe44b5k5pn4otct8n2l0mo3x7c61kalgahm.png","contentUrl":"https:\/\/anamungiapeluqueria.com\/wp-content\/uploads\/elementor\/thumbs\/Captura-desde-2024-12-24-12-07-56-qyz6leoxe44b5k5pn4otct8n2l0mo3x7c61kalgahm.png"},{"@type":"BreadcrumbList","@id":"https:\/\/anamungiapeluqueria.com\/#breadcrumb","itemListElement":[{"@type":"ListItem","position":1,"name":"Portada","item":"https:\/\/anamungiapeluqueria.com\/"},{"@type":"ListItem","position":2,"name":"Inicio"}]},{"@type":"WebSite","@id":"https:\/\/anamungiapeluqueria.com\/#website","url":"https:\/\/anamungiapeluqueria.com\/","name":"Ana Mungia Peluquer\u00eda","description":"Servicios de peluquer\u00eda y est\u00e9tica para se\u00f1oras y caballeros de todas las edades","publisher":{"@id":"https:\/\/anamungiapeluqueria.com\/#organization"},"potentialAction":[{"@type":"SearchAction","target":{"@type":"EntryPoint","urlTemplate":"https:\/\/anamungiapeluqueria.com\/?s={search_term_string}"},"query-input":{"@type":"PropertyValueSpecification","valueRequired":true,"valueName":"search_term_string"}}],"inLanguage":"eu"},{"@type":"Organization","@id":"https:\/\/anamungiapeluqueria.com\/#organization","name":"Ana Mungia Peluquer\u00eda","url":"https:\/\/anamungiapeluqueria.com\/","logo":{"@type":"ImageObject","inLanguage":"eu","@id":"https:\/\/anamungiapeluqueria.com\/#\/schema\/logo\/image\/","url":"https:\/\/anamungiapeluqueria.com\/wp-content\/uploads\/2024\/12\/cropped-Design-sem-nome-1.png","contentUrl":"https:\/\/anamungiapeluqueria.com\/wp-content\/uploads\/2024\/12\/cropped-Design-sem-nome-1.png","width":500,"height":246,"caption":"Ana Mungia Peluquer\u00eda"},"image":{"@id":"https:\/\/anamungiapeluqueria.com\/#\/schema\/logo\/image\/"}}]}},"_links":{"self":[{"href":"https:\/\/anamungiapeluqueria.com\/eu\/wp-json\/wp\/v2\/pages\/941","targetHints":{"allow":["GET"]}}],"collection":[{"href":"https:\/\/anamungiapeluqueria.com\/eu\/wp-json\/wp\/v2\/pages"}],"about":[{"href":"https:\/\/anamungiapeluqueria.com\/eu\/wp-json\/wp\/v2\/types\/page"}],"author":[{"embeddable":true,"href":"https:\/\/anamungiapeluqueria.com\/eu\/wp-json\/wp\/v2\/users\/4"}],"replies":[{"embeddable":true,"href":"https:\/\/anamungiapeluqueria.com\/eu\/wp-json\/wp\/v2\/comments?post=941"}],"version-history":[{"count":625,"href":"https:\/\/anamungiapeluqueria.com\/eu\/wp-json\/wp\/v2\/pages\/941\/revisions"}],"predecessor-version":[{"id":2398,"href":"https:\/\/anamungiapeluqueria.com\/eu\/wp-json\/wp\/v2\/pages\/941\/revisions\/2398"}],"wp:attachment":[{"href":"https:\/\/anamungiapeluqueria.com\/eu\/wp-json\/wp\/v2\/media?parent=941"}],"curies":[{"name":"wp","href":"https:\/\/api.w.org\/{rel}","templated":true}]}}